{"id":3,"date":"2025-01-24T19:03:06","date_gmt":"2025-01-24T19:03:06","guid":{"rendered":"https:\/\/wp.mueller-online-dienst.de\/?page_id=3"},"modified":"2025-01-26T16:16:17","modified_gmt":"2025-01-26T16:16:17","slug":"privacy-policy","status":"publish","type":"page","link":"https:\/\/wp.mueller-online-dienst.de\/?page_id=3","title":{"rendered":"Impressum"},"content":{"rendered":"\n<p><strong>Angaben gem\u00e4\u00df \u00a7 5 TMG:<\/strong><\/p>\n\n\n\n<p>Name:<br>Joachim M\u00fcller<\/p>\n\n\n\n<p class=\"has-medium-font-size\">Anschrift:<br>Konrad-Adenauer-Stra\u00dfe 42<br>72108 Rottenburg<\/p>\n\n\n\n<p>Kontakt:<br>joachim@mueller-rottenburg.de<\/p>\n\n\n\n<p>Hinweis:<br>Dieser Blog dient ausschlie\u00dflich privaten und nicht kommerziellen Zwecken. Inhalte auf dieser Website wurden sorgf\u00e4ltig erstellt, eine Gew\u00e4hr f\u00fcr Richtigkeit, Vollst\u00e4ndigkeit und Aktualit\u00e4t kann jedoch nicht \u00fcbernommen werden.<\/p>\n\n\n\n<p><strong>Datenschutzerkl\u00e4rung<\/strong><\/p>\n\n\n\n<p>Allgemeines<br>Als Betreiber dieser Website nehme ich den Schutz deiner pers\u00f6nlichen Daten sehr ernst. Deine Daten werden vertraulich und gem\u00e4\u00df der gesetzlichen Datenschutzvorschriften sowie dieser Datenschutzerkl\u00e4rung behandelt.<\/p>\n\n\n\n<p>Erhebung und Verarbeitung personenbezogener Daten<br>Beim Besuch dieser Website werden automatisch Informationen in sogenannten Server-Logfiles gespeichert, die dein Browser \u00fcbermittelt. Diese Daten umfassen beispielsweise:<\/p>\n\n\n\n<p>Browsertyp und -version<br>Verwendetes Betriebssystem<br>Referrer-URL<br>Hostname des zugreifenden Rechners<br>Uhrzeit der Serveranfrage<br>Diese Daten sind nicht bestimmten Personen zuordenbar und werden nicht mit anderen Datenquellen zusammengef\u00fchrt.<\/p>\n\n\n\n<p><strong>Cookies<\/strong><\/p>\n\n\n\n<p>Diese Website verwendet keine Cookies.<\/p>\n\n\n\n<p><strong>Kontaktaufnahme<\/strong><\/p>\n\n\n\n<p>Wenn du mich per E-Mail kontaktierst, wird deine E-Mail-Adresse und der Inhalt deiner Nachricht ausschlie\u00dflich f\u00fcr die Bearbeitung deines Anliegens verwendet. Eine Weitergabe an Dritte erfolgt nicht.<\/p>\n\n\n\n<p><strong>Rechte des Nutzers<\/strong><\/p>\n\n\n\n<p>Du hast das Recht, jederzeit unentgeltlich Auskunft \u00fcber deine gespeicherten personenbezogenen Daten zu erhalten sowie ein Recht auf Berichtigung, Sperrung oder L\u00f6schung dieser Daten, soweit dem keine gesetzlichen Aufbewahrungspflichten entgegenstehen.<\/p>\n\n\n\n<p><strong>Verantwortlich f\u00fcr den Datenschutz:<\/strong><\/p>\n\n\n\n<p>Joachim M\u00fcller<br>E-Mail: joachim@mueller-rottenburg.de<\/p>\n\n\n\n<p><strong>Disclaimer:<\/strong><\/p>\n\n\n\n<p>Die Inhalte dieser Website wurden mit gr\u00f6\u00dfter Sorgfalt erstellt. F\u00fcr die Richtigkeit, Vollst\u00e4ndigkeit und Aktualit\u00e4t der Inhalte kann ich jedoch keine Gew\u00e4hr \u00fcbernehmen.<\/p>\n","protected":false},"excerpt":{"rendered":"<p>Angaben gem\u00e4\u00df \u00a7 5 TMG: Name:Joachim M\u00fcller Anschrift:Konrad-Adenauer-Stra\u00dfe 4272108 Rottenburg Kontakt:joachim@mueller-rottenburg.de Hinweis:Dieser Blog dient ausschlie\u00dflich privaten und nicht kommerziellen Zwecken. Inhalte auf dieser Website wurden sorgf\u00e4ltig erstellt, eine Gew\u00e4hr f\u00fcr Richtigkeit, Vollst\u00e4ndigkeit und Aktualit\u00e4t kann jedoch nicht \u00fcbernommen werden. Datenschutzerkl\u00e4rung AllgemeinesAls Betreiber dieser Website nehme ich den Schutz deiner pers\u00f6nlichen Daten sehr ernst. Deine Daten &hellip; <a href=\"https:\/\/wp.mueller-online-dienst.de\/?page_id=3\" class=\"more-link\"><span class=\"screen-reader-text\">Impressum<\/span> weiterlesen<\/a><\/p>\n","protected":false},"author":1,"featured_media":0,"parent":0,"menu_order":0,"comment_status":"closed","ping_status":"open","template":"","meta":{"footnotes":""},"class_list":["post-3","page","type-page","status-publish","hentry"],"_links":{"self":[{"href":"https:\/\/wp.mueller-online-dienst.de\/index.php?rest_route=\/wp\/v2\/pages\/3","targetHints":{"allow":["GET"]}}],"collection":[{"href":"https:\/\/wp.mueller-online-dienst.de\/index.php?rest_route=\/wp\/v2\/pages"}],"about":[{"href":"https:\/\/wp.mueller-online-dienst.de\/index.php?rest_route=\/wp\/v2\/types\/page"}],"author":[{"embeddable":true,"href":"https:\/\/wp.mueller-online-dienst.de\/index.php?rest_route=\/wp\/v2\/users\/1"}],"replies":[{"embeddable":true,"href":"https:\/\/wp.mueller-online-dienst.de\/index.php?rest_route=%2Fwp%2Fv2%2Fcomments&post=3"}],"version-history":[{"count":2,"href":"https:\/\/wp.mueller-online-dienst.de\/index.php?rest_route=\/wp\/v2\/pages\/3\/revisions"}],"predecessor-version":[{"id":9,"href":"https:\/\/wp.mueller-online-dienst.de\/index.php?rest_route=\/wp\/v2\/pages\/3\/revisions\/9"}],"wp:attachment":[{"href":"https:\/\/wp.mueller-online-dienst.de\/index.php?rest_route=%2Fwp%2Fv2%2Fmedia&parent=3"}],"curies":[{"name":"wp","href":"https:\/\/api.w.org\/{rel}","templated":true}]}}